{"id":2821,"date":"2024-11-05T13:49:41","date_gmt":"2024-11-05T13:49:41","guid":{"rendered":"https:\/\/www.tnpglobal.ro\/?page_id=2821"},"modified":"2025-01-30T09:53:07","modified_gmt":"2025-01-30T09:53:07","slug":"partners-on-the-journey","status":"publish","type":"page","link":"https:\/\/www.tnpglobal.ro\/ro\/partners-on-the-journey\/","title":{"rendered":"Parteneri pe drum"},"content":{"rendered":"<div data-elementor-type=\"wp-page\" data-elementor-id=\"2821\" class=\"elementor elementor-2821\" data-elementor-post-type=\"page\">\n\t\t\t\t\t\t<section class=\"elementor-section elementor-top-section elementor-element elementor-element-8985cd7 elementor-section-boxed elementor-section-height-default elementor-section-height-default\" data-id=\"8985cd7\" data-element_type=\"section\" data-e-type=\"section\" data-settings=\"{&quot;background_background&quot;:&quot;classic&quot;,&quot;wdt_bg_image&quot;:{&quot;url&quot;:&quot;&quot;,&quot;id&quot;:&quot;&quot;,&quot;size&quot;:&quot;&quot;},&quot;wdt_bg_image_laptop&quot;:{&quot;url&quot;:&quot;&quot;,&quot;id&quot;:&quot;&quot;,&quot;size&quot;:&quot;&quot;},&quot;wdt_bg_image_tablet_extra&quot;:{&quot;url&quot;:&quot;&quot;,&quot;id&quot;:&quot;&quot;,&quot;size&quot;:&quot;&quot;},&quot;wdt_bg_image_tablet&quot;:{&quot;url&quot;:&quot;&quot;,&quot;id&quot;:&quot;&quot;,&quot;size&quot;:&quot;&quot;},&quot;wdt_bg_image_mobile_extra&quot;:{&quot;url&quot;:&quot;&quot;,&quot;id&quot;:&quot;&quot;,&quot;size&quot;:&quot;&quot;},&quot;wdt_bg_image_mobile&quot;:{&quot;url&quot;:&quot;&quot;,&quot;id&quot;:&quot;&quot;,&quot;size&quot;:&quot;&quot;},&quot;wdt_bg_position&quot;:&quot;center center&quot;,&quot;wdt_animation_effect&quot;:&quot;none&quot;}\">\n\t\t\t\t\t\t<div class=\"elementor-container elementor-column-gap-no\">\n\t\t\t\t\t<div class=\"elementor-column elementor-col-100 elementor-top-column elementor-element elementor-element-dccdea2\" data-id=\"dccdea2\" data-element_type=\"column\" data-e-type=\"column\">\n\t\t\t<div class=\"elementor-widget-wrap elementor-element-populated\">\n\t\t\t\t\t\t<section class=\"elementor-section elementor-inner-section elementor-element elementor-element-7a82de5 elementor-section-boxed elementor-section-height-default elementor-section-height-default elementor-invisible\" data-id=\"7a82de5\" data-element_type=\"section\" data-e-type=\"section\" data-settings=\"{&quot;animation&quot;:&quot;fadeInDown&quot;,&quot;wdt_bg_image&quot;:{&quot;url&quot;:&quot;&quot;,&quot;id&quot;:&quot;&quot;,&quot;size&quot;:&quot;&quot;},&quot;wdt_bg_image_laptop&quot;:{&quot;url&quot;:&quot;&quot;,&quot;id&quot;:&quot;&quot;,&quot;size&quot;:&quot;&quot;},&quot;wdt_bg_image_tablet_extra&quot;:{&quot;url&quot;:&quot;&quot;,&quot;id&quot;:&quot;&quot;,&quot;size&quot;:&quot;&quot;},&quot;wdt_bg_image_tablet&quot;:{&quot;url&quot;:&quot;&quot;,&quot;id&quot;:&quot;&quot;,&quot;size&quot;:&quot;&quot;},&quot;wdt_bg_image_mobile_extra&quot;:{&quot;url&quot;:&quot;&quot;,&quot;id&quot;:&quot;&quot;,&quot;size&quot;:&quot;&quot;},&quot;wdt_bg_image_mobile&quot;:{&quot;url&quot;:&quot;&quot;,&quot;id&quot;:&quot;&quot;,&quot;size&quot;:&quot;&quot;},&quot;wdt_bg_position&quot;:&quot;center center&quot;,&quot;wdt_animation_effect&quot;:&quot;none&quot;}\">\n\t\t\t\t\t\t<div class=\"elementor-container elementor-column-gap-default\">\n\t\t\t\t\t<div class=\"elementor-column elementor-col-100 elementor-inner-column elementor-element elementor-element-e0c5d48\" data-id=\"e0c5d48\" data-element_type=\"column\" data-e-type=\"column\">\n\t\t\t<div class=\"elementor-widget-wrap elementor-element-populated\">\n\t\t\t\t\t\t<div class=\"elementor-element elementor-element-3da76f4 elementor-widget__width-initial center elementor-invisible elementor-widget elementor-widget-wdt-heading\" data-id=\"3da76f4\" data-element_type=\"widget\" data-e-type=\"widget\" data-settings=\"{&quot;split_heading&quot;:&quot;true&quot;,&quot;wdt_enable_inview_status&quot;:&quot;true&quot;,&quot;_animation&quot;:&quot;fadeInLeft&quot;,&quot;wdt_animation_effect&quot;:&quot;none&quot;}\" data-widget_type=\"wdt-heading.default\">\n\t\t\t\t<div class=\"elementor-widget-container\">\n\t\t\t\t\t<div class=\"wdt-heading-holder\" id=\"wdt-heading-3da76f4\"><h2 class=\"wdt-heading-title-wrapper wdt-heading-align-center wdt-heading-deco-wrapper translation-block\"><span class=\"wdt-heading-title\">Clien\u021bii <span class=\"wdt-split-heading-wrapper\"><span class=\"wdt-split-heading-title\">N<\/span><span class=\"wdt-split-heading-title\">o<\/span><span class=\"wdt-split-heading-title\">s<\/span><span class=\"wdt-split-heading-title\">t<\/span><span class=\"wdt-split-heading-title\">r<\/span><span class=\"wdt-split-heading-title\">i<\/span><\/span><\/span><\/h2><div class=\"wdt-heading-content-wrapper\">Nicio c\u0103l\u0103torie nu este parcurs\u0103 singur\u0103. Vedem clien\u021bii no\u0219tri ca parteneri, lucr\u00e2nd \u00eempreun\u0103 pentru a descoperi valoare \u0219i a crea rezultate semnificative. Rela\u021biile noastre se bazeaz\u0103 pe \u00eencredere, colaborare \u0219i respect reciproc. Fie c\u0103 este vorba de evaluarea unei afaceri, a unei propriet\u0103\u021bi sau a utilajelor, suntem al\u0103turi de tine, asigur\u00e2ndu-ne c\u0103 nevoile tale sunt satisf\u0103cute cu precizie \u0219i grij\u0103. Ca parteneri, suntem aici pentru a sprijini succesul t\u0103u la fiecare pas.<\/div><\/div>\t\t\t\t<\/div>\n\t\t\t\t<\/div>\n\t\t\t\t<div class=\"elementor-element elementor-element-7cc6666 elementor-widget elementor-widget-image-carousel\" data-id=\"7cc6666\" data-element_type=\"widget\" data-e-type=\"widget\" data-settings=\"{&quot;slides_to_show&quot;:&quot;5&quot;,&quot;navigation&quot;:&quot;none&quot;,&quot;image_spacing_custom&quot;:{&quot;unit&quot;:&quot;px&quot;,&quot;size&quot;:45,&quot;sizes&quot;:[]},&quot;autoplay_speed&quot;:0,&quot;speed&quot;:3000,&quot;slides_to_show_tablet&quot;:&quot;3&quot;,&quot;slides_to_show_mobile&quot;:&quot;2&quot;,&quot;autoplay&quot;:&quot;yes&quot;,&quot;pause_on_hover&quot;:&quot;yes&quot;,&quot;pause_on_interaction&quot;:&quot;yes&quot;,&quot;infinite&quot;:&quot;yes&quot;,&quot;image_spacing_custom_laptop&quot;:{&quot;unit&quot;:&quot;px&quot;,&quot;size&quot;:&quot;&quot;,&quot;sizes&quot;:[]},&quot;image_spacing_custom_tablet_extra&quot;:{&quot;unit&quot;:&quot;px&quot;,&quot;size&quot;:&quot;&quot;,&quot;sizes&quot;:[]},&quot;image_spacing_custom_tablet&quot;:{&quot;unit&quot;:&quot;px&quot;,&quot;size&quot;:&quot;&quot;,&quot;sizes&quot;:[]},&quot;image_spacing_custom_mobile_extra&quot;:{&quot;unit&quot;:&quot;px&quot;,&quot;size&quot;:&quot;&quot;,&quot;sizes&quot;:[]},&quot;image_spacing_custom_mobile&quot;:{&quot;unit&quot;:&quot;px&quot;,&quot;size&quot;:&quot;&quot;,&quot;sizes&quot;:[]},&quot;wdt_animation_effect&quot;:&quot;none&quot;}\" data-widget_type=\"image-carousel.default\">\n\t\t\t\t<div class=\"elementor-widget-container\">\n\t\t\t\t\t\t\t<div class=\"elementor-image-carousel-wrapper swiper\" role=\"region\" aria-roledescription=\"carousel\" aria-label=\"Image Carousel\" dir=\"ltr\">\n\t\t\t<div class=\"elementor-image-carousel swiper-wrapper\" aria-live=\"off\">\n\t\t\t\t\t\t\t\t<div class=\"swiper-slide\" role=\"group\" aria-roledescription=\"slide\" aria-label=\"1 of 18\"><figure class=\"swiper-slide-inner\"><img decoding=\"async\" class=\"swiper-slide-image\" src=\"https:\/\/www.tnpglobal.ro\/wp-content\/uploads\/2024\/12\/10-300x150.jpg\" alt=\"10\" \/><\/figure><\/div><div class=\"swiper-slide\" role=\"group\" aria-roledescription=\"slide\" aria-label=\"2 of 18\"><figure class=\"swiper-slide-inner\"><img decoding=\"async\" class=\"swiper-slide-image\" src=\"https:\/\/www.tnpglobal.ro\/wp-content\/uploads\/2024\/12\/9-300x150.jpg\" alt=\"9\" \/><\/figure><\/div><div class=\"swiper-slide\" role=\"group\" aria-roledescription=\"slide\" aria-label=\"3 of 18\"><figure class=\"swiper-slide-inner\"><img decoding=\"async\" class=\"swiper-slide-image\" src=\"https:\/\/www.tnpglobal.ro\/wp-content\/uploads\/2024\/12\/8-300x150.jpg\" alt=\"8\" \/><\/figure><\/div><div class=\"swiper-slide\" role=\"group\" aria-roledescription=\"slide\" aria-label=\"4 of 18\"><figure class=\"swiper-slide-inner\"><img decoding=\"async\" class=\"swiper-slide-image\" src=\"https:\/\/www.tnpglobal.ro\/wp-content\/uploads\/2024\/12\/7-300x150.jpg\" alt=\"7\" \/><\/figure><\/div><div class=\"swiper-slide\" role=\"group\" aria-roledescription=\"slide\" aria-label=\"5 of 18\"><figure class=\"swiper-slide-inner\"><img decoding=\"async\" class=\"swiper-slide-image\" src=\"https:\/\/www.tnpglobal.ro\/wp-content\/uploads\/2024\/12\/6-300x150.jpg\" alt=\"6\" \/><\/figure><\/div><div class=\"swiper-slide\" role=\"group\" aria-roledescription=\"slide\" aria-label=\"6 of 18\"><figure class=\"swiper-slide-inner\"><img decoding=\"async\" class=\"swiper-slide-image\" src=\"https:\/\/www.tnpglobal.ro\/wp-content\/uploads\/2024\/12\/5-300x150.jpg\" alt=\"5\" \/><\/figure><\/div><div class=\"swiper-slide\" role=\"group\" aria-roledescription=\"slide\" aria-label=\"7 of 18\"><figure class=\"swiper-slide-inner\"><img decoding=\"async\" class=\"swiper-slide-image\" src=\"https:\/\/www.tnpglobal.ro\/wp-content\/uploads\/2025\/01\/22-300x150.jpg\" alt=\"22\" \/><\/figure><\/div><div class=\"swiper-slide\" role=\"group\" aria-roledescription=\"slide\" aria-label=\"8 of 18\"><figure class=\"swiper-slide-inner\"><img decoding=\"async\" class=\"swiper-slide-image\" src=\"https:\/\/www.tnpglobal.ro\/wp-content\/uploads\/2025\/01\/21-300x150.jpg\" alt=\"21\" \/><\/figure><\/div><div class=\"swiper-slide\" role=\"group\" aria-roledescription=\"slide\" aria-label=\"9 of 18\"><figure class=\"swiper-slide-inner\"><img decoding=\"async\" class=\"swiper-slide-image\" src=\"https:\/\/www.tnpglobal.ro\/wp-content\/uploads\/2025\/01\/20-300x150.jpg\" alt=\"20\" \/><\/figure><\/div><div class=\"swiper-slide\" role=\"group\" aria-roledescription=\"slide\" aria-label=\"10 of 18\"><figure class=\"swiper-slide-inner\"><img decoding=\"async\" class=\"swiper-slide-image\" src=\"https:\/\/www.tnpglobal.ro\/wp-content\/uploads\/2025\/01\/19-300x150.jpg\" alt=\"19\" \/><\/figure><\/div><div class=\"swiper-slide\" role=\"group\" aria-roledescription=\"slide\" aria-label=\"11 of 18\"><figure class=\"swiper-slide-inner\"><img decoding=\"async\" class=\"swiper-slide-image\" src=\"https:\/\/www.tnpglobal.ro\/wp-content\/uploads\/2025\/01\/18-300x150.jpg\" alt=\"18\" \/><\/figure><\/div><div class=\"swiper-slide\" role=\"group\" aria-roledescription=\"slide\" aria-label=\"12 of 18\"><figure class=\"swiper-slide-inner\"><img decoding=\"async\" class=\"swiper-slide-image\" src=\"https:\/\/www.tnpglobal.ro\/wp-content\/uploads\/2025\/01\/17-300x150.jpg\" alt=\"17\" \/><\/figure><\/div><div class=\"swiper-slide\" role=\"group\" aria-roledescription=\"slide\" aria-label=\"13 of 18\"><figure class=\"swiper-slide-inner\"><img decoding=\"async\" class=\"swiper-slide-image\" src=\"https:\/\/www.tnpglobal.ro\/wp-content\/uploads\/2025\/01\/16-300x150.jpg\" alt=\"16\" \/><\/figure><\/div><div class=\"swiper-slide\" role=\"group\" aria-roledescription=\"slide\" aria-label=\"14 of 18\"><figure class=\"swiper-slide-inner\"><img decoding=\"async\" class=\"swiper-slide-image\" src=\"https:\/\/www.tnpglobal.ro\/wp-content\/uploads\/2025\/01\/15-300x150.jpg\" alt=\"15\" \/><\/figure><\/div><div class=\"swiper-slide\" role=\"group\" aria-roledescription=\"slide\" aria-label=\"15 of 18\"><figure class=\"swiper-slide-inner\"><img decoding=\"async\" class=\"swiper-slide-image\" src=\"https:\/\/www.tnpglobal.ro\/wp-content\/uploads\/2025\/01\/14-300x150.jpg\" alt=\"14\" \/><\/figure><\/div><div class=\"swiper-slide\" role=\"group\" aria-roledescription=\"slide\" aria-label=\"16 of 18\"><figure class=\"swiper-slide-inner\"><img decoding=\"async\" class=\"swiper-slide-image\" src=\"https:\/\/www.tnpglobal.ro\/wp-content\/uploads\/2025\/01\/13-300x150.jpg\" alt=\"13\" \/><\/figure><\/div><div class=\"swiper-slide\" role=\"group\" aria-roledescription=\"slide\" aria-label=\"17 of 18\"><figure class=\"swiper-slide-inner\"><img decoding=\"async\" class=\"swiper-slide-image\" src=\"https:\/\/www.tnpglobal.ro\/wp-content\/uploads\/2025\/01\/12-300x150.jpg\" alt=\"12\" \/><\/figure><\/div><div class=\"swiper-slide\" role=\"group\" aria-roledescription=\"slide\" aria-label=\"18 of 18\"><figure class=\"swiper-slide-inner\"><img decoding=\"async\" class=\"swiper-slide-image\" src=\"https:\/\/www.tnpglobal.ro\/wp-content\/uploads\/2025\/01\/11-300x150.jpg\" alt=\"11\" \/><\/figure><\/div>\t\t\t<\/div>\n\t\t\t\t\t\t\t\n\t\t\t\t\t\t\t\t\t<\/div>\n\t\t\t\t\t\t<\/div>\n\t\t\t\t<\/div>\n\t\t\t\t\t<\/div>\n\t\t<\/div>\n\t\t\t\t\t<\/div>\n\t\t<\/section>\n\t\t\t\t\t<\/div>\n\t\t<\/div>\n\t\t\t\t\t<\/div>\n\t\t<\/section>\n\t\t\t\t<section class=\"elementor-section elementor-top-section elementor-element elementor-element-16cee22 elementor-section-boxed elementor-section-height-default elementor-section-height-default\" data-id=\"16cee22\" data-element_type=\"section\" data-e-type=\"section\" data-settings=\"{&quot;wdt_bg_image&quot;:{&quot;url&quot;:&quot;&quot;,&quot;id&quot;:&quot;&quot;,&quot;size&quot;:&quot;&quot;},&quot;wdt_bg_image_laptop&quot;:{&quot;url&quot;:&quot;&quot;,&quot;id&quot;:&quot;&quot;,&quot;size&quot;:&quot;&quot;},&quot;wdt_bg_image_tablet_extra&quot;:{&quot;url&quot;:&quot;&quot;,&quot;id&quot;:&quot;&quot;,&quot;size&quot;:&quot;&quot;},&quot;wdt_bg_image_tablet&quot;:{&quot;url&quot;:&quot;&quot;,&quot;id&quot;:&quot;&quot;,&quot;size&quot;:&quot;&quot;},&quot;wdt_bg_image_mobile_extra&quot;:{&quot;url&quot;:&quot;&quot;,&quot;id&quot;:&quot;&quot;,&quot;size&quot;:&quot;&quot;},&quot;wdt_bg_image_mobile&quot;:{&quot;url&quot;:&quot;&quot;,&quot;id&quot;:&quot;&quot;,&quot;size&quot;:&quot;&quot;},&quot;wdt_bg_position&quot;:&quot;center center&quot;,&quot;wdt_animation_effect&quot;:&quot;none&quot;}\">\n\t\t\t\t\t\t<div class=\"elementor-container elementor-column-gap-default\">\n\t\t\t\t\t<div class=\"elementor-column elementor-col-100 elementor-top-column elementor-element elementor-element-3154f54\" data-id=\"3154f54\" data-element_type=\"column\" data-e-type=\"column\">\n\t\t\t<div class=\"elementor-widget-wrap elementor-element-populated\">\n\t\t\t\t\t\t<div class=\"elementor-element elementor-element-11c2dc1 wdt-dark-btn-bg-style elementor-widget-tablet_extra__width-inherit center elementor-invisible elementor-widget elementor-widget-wdt-button\" data-id=\"11c2dc1\" data-element_type=\"widget\" data-e-type=\"widget\" data-settings=\"{&quot;_animation&quot;:&quot;fadeInRight&quot;,&quot;item_normal_background_background&quot;:&quot;gradient&quot;,&quot;wdt_animation_effect&quot;:&quot;none&quot;}\" data-widget_type=\"wdt-button.default\">\n\t\t\t\t<div class=\"elementor-widget-container\">\n\t\t\t\t\t<div class=\"wdt-button-holder wdt-template-filled wdt-button-link wdt-button-style-default wdt-button-size-nm wdt-animation- wdt-button-icon-after\" id=\"wdt-button-11c2dc1\"><a class=\"wdt-button\" href=\"\/ro\/and-ask\/\"><div class=\"wdt-button-text\"><span>Contact<\/span><\/div><div class=\"wdt-button-icon\"><span><i><svg xmlns=\"http:\/\/www.w3.org\/2000\/svg\" xmlns:xlink=\"http:\/\/www.w3.org\/1999\/xlink\" x=\"0px\" y=\"0px\" viewbox=\"0 0 30.2 25.9\" style=\"enable-background:new 0 0 30.2 25.9;\" xml:space=\"preserve\"><path d=\"M19.8,3.7c-0.4-0.4-1-0.4-1.4,0c-0.4,0.4-0.4,1,0,1.3l6.9,6.9H2.5c-0.5,0-1,0.4-1,1c0,0.5,0.4,1,1,1h22.8l-6.9,6.9 c-0.4,0.4-0.4,1,0,1.4c0.4,0.4,1,0.4,1.4,0l8.5-8.5c0.4-0.4,0.4-1,0-1.3L19.8,3.7z\"><\/path><\/svg><\/i><\/span><\/div><\/a><\/div>\t\t\t\t<\/div>\n\t\t\t\t<\/div>\n\t\t\t\t\t<\/div>\n\t\t<\/div>\n\t\t\t\t\t<\/div>\n\t\t<\/section>\n\t\t\t\t<\/div>","protected":false},"excerpt":{"rendered":"<p>our clients No journey is ever walked alone. We see our clients as partners, working together to uncover value and create meaningful outcomes. Our relationships are built on trust, collaboration, and mutual respect. Whether it\u2019s in business, real estate, or machinery valuation, we stand by your side, ensuring that your needs are met with precision [&hellip;]<\/p>\n","protected":false},"author":1,"featured_media":0,"parent":0,"menu_order":0,"comment_status":"closed","ping_status":"closed","template":"elementor_header_footer","meta":{"footnotes":""},"class_list":["post-2821","page","type-page","status-publish","hentry"],"yoast_head":"<!-- This site is optimized with the Yoast SEO plugin v27.4 - https:\/\/yoast.com\/product\/yoast-seo-wordpress\/ -->\n<title>Partners on the Journey - TNP Global<\/title>\n<meta name=\"robots\" content=\"index, follow, max-snippet:-1, max-image-preview:large, max-video-preview:-1\" \/>\n<link rel=\"canonical\" href=\"https:\/\/www.tnpglobal.ro\/ro\/partners-on-the-journey\/\" \/>\n<meta property=\"og:locale\" content=\"ro_RO\" \/>\n<meta property=\"og:type\" content=\"article\" \/>\n<meta property=\"og:title\" content=\"Partners on the Journey - TNP Global\" \/>\n<meta property=\"og:description\" content=\"our clients No journey is ever walked alone. We see our clients as partners, working together to uncover value and create meaningful outcomes. Our relationships are built on trust, collaboration, and mutual respect. Whether it\u2019s in business, real estate, or machinery valuation, we stand by your side, ensuring that your needs are met with precision [&hellip;]\" \/>\n<meta property=\"og:url\" content=\"https:\/\/www.tnpglobal.ro\/ro\/partners-on-the-journey\/\" \/>\n<meta property=\"og:site_name\" content=\"TNP Global\" \/>\n<meta property=\"article:modified_time\" content=\"2025-01-30T09:53:07+00:00\" \/>\n<meta property=\"og:image\" content=\"https:\/\/www.tnpglobal.ro\/wp-content\/uploads\/2024\/12\/10-300x150.jpg\" \/>\n<meta name=\"twitter:card\" content=\"summary_large_image\" \/>\n<meta name=\"twitter:label1\" content=\"Timp estimat pentru citire\" \/>\n\t<meta name=\"twitter:data1\" content=\"6 minute\" \/>\n<script type=\"application\/ld+json\" class=\"yoast-schema-graph\">{\"@context\":\"https:\\\/\\\/schema.org\",\"@graph\":[{\"@type\":\"WebPage\",\"@id\":\"https:\\\/\\\/www.tnpglobal.ro\\\/ro\\\/partners-on-the-journey\\\/\",\"url\":\"https:\\\/\\\/www.tnpglobal.ro\\\/ro\\\/partners-on-the-journey\\\/\",\"name\":\"Partners on the Journey - TNP Global\",\"isPartOf\":{\"@id\":\"https:\\\/\\\/www.tnpglobal.ro\\\/#website\"},\"primaryImageOfPage\":{\"@id\":\"https:\\\/\\\/www.tnpglobal.ro\\\/ro\\\/partners-on-the-journey\\\/#primaryimage\"},\"image\":{\"@id\":\"https:\\\/\\\/www.tnpglobal.ro\\\/ro\\\/partners-on-the-journey\\\/#primaryimage\"},\"thumbnailUrl\":\"https:\\\/\\\/www.tnpglobal.ro\\\/wp-content\\\/uploads\\\/2024\\\/12\\\/10-300x150.jpg\",\"datePublished\":\"2024-11-05T13:49:41+00:00\",\"dateModified\":\"2025-01-30T09:53:07+00:00\",\"breadcrumb\":{\"@id\":\"https:\\\/\\\/www.tnpglobal.ro\\\/ro\\\/partners-on-the-journey\\\/#breadcrumb\"},\"inLanguage\":\"ro-RO\",\"potentialAction\":[{\"@type\":\"ReadAction\",\"target\":[\"https:\\\/\\\/www.tnpglobal.ro\\\/ro\\\/partners-on-the-journey\\\/\"]}]},{\"@type\":\"ImageObject\",\"inLanguage\":\"ro-RO\",\"@id\":\"https:\\\/\\\/www.tnpglobal.ro\\\/ro\\\/partners-on-the-journey\\\/#primaryimage\",\"url\":\"https:\\\/\\\/www.tnpglobal.ro\\\/wp-content\\\/uploads\\\/2024\\\/12\\\/10-300x150.jpg\",\"contentUrl\":\"https:\\\/\\\/www.tnpglobal.ro\\\/wp-content\\\/uploads\\\/2024\\\/12\\\/10-300x150.jpg\"},{\"@type\":\"BreadcrumbList\",\"@id\":\"https:\\\/\\\/www.tnpglobal.ro\\\/ro\\\/partners-on-the-journey\\\/#breadcrumb\",\"itemListElement\":[{\"@type\":\"ListItem\",\"position\":1,\"name\":\"Home\",\"item\":\"https:\\\/\\\/www.tnpglobal.ro\\\/\"},{\"@type\":\"ListItem\",\"position\":2,\"name\":\"Partners on the Journey\"}]},{\"@type\":\"WebSite\",\"@id\":\"https:\\\/\\\/www.tnpglobal.ro\\\/#website\",\"url\":\"https:\\\/\\\/www.tnpglobal.ro\\\/\",\"name\":\"TNP Global\",\"description\":\"&amp; Partners\",\"publisher\":{\"@id\":\"https:\\\/\\\/www.tnpglobal.ro\\\/#organization\"},\"potentialAction\":[{\"@type\":\"SearchAction\",\"target\":{\"@type\":\"EntryPoint\",\"urlTemplate\":\"https:\\\/\\\/www.tnpglobal.ro\\\/?s={search_term_string}\"},\"query-input\":{\"@type\":\"PropertyValueSpecification\",\"valueRequired\":true,\"valueName\":\"search_term_string\"}}],\"inLanguage\":\"ro-RO\"},{\"@type\":\"Organization\",\"@id\":\"https:\\\/\\\/www.tnpglobal.ro\\\/#organization\",\"name\":\"TNP Global\",\"url\":\"https:\\\/\\\/www.tnpglobal.ro\\\/\",\"logo\":{\"@type\":\"ImageObject\",\"inLanguage\":\"ro-RO\",\"@id\":\"https:\\\/\\\/www.tnpglobal.ro\\\/#\\\/schema\\\/logo\\\/image\\\/\",\"url\":\"https:\\\/\\\/www.tnpglobal.ro\\\/wp-content\\\/uploads\\\/2024\\\/11\\\/logo_tnp_icon.png\",\"contentUrl\":\"https:\\\/\\\/www.tnpglobal.ro\\\/wp-content\\\/uploads\\\/2024\\\/11\\\/logo_tnp_icon.png\",\"width\":450,\"height\":333,\"caption\":\"TNP Global\"},\"image\":{\"@id\":\"https:\\\/\\\/www.tnpglobal.ro\\\/#\\\/schema\\\/logo\\\/image\\\/\"}}]}<\/script>\n<!-- \/ Yoast SEO plugin. -->","yoast_head_json":{"title":"Partners on the Journey - TNP Global","robots":{"index":"index","follow":"follow","max-snippet":"max-snippet:-1","max-image-preview":"max-image-preview:large","max-video-preview":"max-video-preview:-1"},"canonical":"https:\/\/www.tnpglobal.ro\/ro\/partners-on-the-journey\/","og_locale":"ro_RO","og_type":"article","og_title":"Partners on the Journey - TNP Global","og_description":"our clients No journey is ever walked alone. We see our clients as partners, working together to uncover value and create meaningful outcomes. Our relationships are built on trust, collaboration, and mutual respect. Whether it\u2019s in business, real estate, or machinery valuation, we stand by your side, ensuring that your needs are met with precision [&hellip;]","og_url":"https:\/\/www.tnpglobal.ro\/ro\/partners-on-the-journey\/","og_site_name":"TNP Global","article_modified_time":"2025-01-30T09:53:07+00:00","og_image":[{"url":"https:\/\/www.tnpglobal.ro\/wp-content\/uploads\/2024\/12\/10-300x150.jpg","type":"","width":"","height":""}],"twitter_card":"summary_large_image","twitter_misc":{"Timp estimat pentru citire":"6 minute"},"schema":{"@context":"https:\/\/schema.org","@graph":[{"@type":"WebPage","@id":"https:\/\/www.tnpglobal.ro\/ro\/partners-on-the-journey\/","url":"https:\/\/www.tnpglobal.ro\/ro\/partners-on-the-journey\/","name":"Partners on the Journey - TNP Global","isPartOf":{"@id":"https:\/\/www.tnpglobal.ro\/#website"},"primaryImageOfPage":{"@id":"https:\/\/www.tnpglobal.ro\/ro\/partners-on-the-journey\/#primaryimage"},"image":{"@id":"https:\/\/www.tnpglobal.ro\/ro\/partners-on-the-journey\/#primaryimage"},"thumbnailUrl":"https:\/\/www.tnpglobal.ro\/wp-content\/uploads\/2024\/12\/10-300x150.jpg","datePublished":"2024-11-05T13:49:41+00:00","dateModified":"2025-01-30T09:53:07+00:00","breadcrumb":{"@id":"https:\/\/www.tnpglobal.ro\/ro\/partners-on-the-journey\/#breadcrumb"},"inLanguage":"ro-RO","potentialAction":[{"@type":"ReadAction","target":["https:\/\/www.tnpglobal.ro\/ro\/partners-on-the-journey\/"]}]},{"@type":"ImageObject","inLanguage":"ro-RO","@id":"https:\/\/www.tnpglobal.ro\/ro\/partners-on-the-journey\/#primaryimage","url":"https:\/\/www.tnpglobal.ro\/wp-content\/uploads\/2024\/12\/10-300x150.jpg","contentUrl":"https:\/\/www.tnpglobal.ro\/wp-content\/uploads\/2024\/12\/10-300x150.jpg"},{"@type":"BreadcrumbList","@id":"https:\/\/www.tnpglobal.ro\/ro\/partners-on-the-journey\/#breadcrumb","itemListElement":[{"@type":"ListItem","position":1,"name":"Home","item":"https:\/\/www.tnpglobal.ro\/"},{"@type":"ListItem","position":2,"name":"Partners on the Journey"}]},{"@type":"WebSite","@id":"https:\/\/www.tnpglobal.ro\/#website","url":"https:\/\/www.tnpglobal.ro\/","name":"TNP Global","description":"&amp; Partners","publisher":{"@id":"https:\/\/www.tnpglobal.ro\/#organization"},"potentialAction":[{"@type":"SearchAction","target":{"@type":"EntryPoint","urlTemplate":"https:\/\/www.tnpglobal.ro\/?s={search_term_string}"},"query-input":{"@type":"PropertyValueSpecification","valueRequired":true,"valueName":"search_term_string"}}],"inLanguage":"ro-RO"},{"@type":"Organization","@id":"https:\/\/www.tnpglobal.ro\/#organization","name":"TNP Global","url":"https:\/\/www.tnpglobal.ro\/","logo":{"@type":"ImageObject","inLanguage":"ro-RO","@id":"https:\/\/www.tnpglobal.ro\/#\/schema\/logo\/image\/","url":"https:\/\/www.tnpglobal.ro\/wp-content\/uploads\/2024\/11\/logo_tnp_icon.png","contentUrl":"https:\/\/www.tnpglobal.ro\/wp-content\/uploads\/2024\/11\/logo_tnp_icon.png","width":450,"height":333,"caption":"TNP Global"},"image":{"@id":"https:\/\/www.tnpglobal.ro\/#\/schema\/logo\/image\/"}}]}},"_links":{"self":[{"href":"https:\/\/www.tnpglobal.ro\/ro\/wp-json\/wp\/v2\/pages\/2821","targetHints":{"allow":["GET"]}}],"collection":[{"href":"https:\/\/www.tnpglobal.ro\/ro\/wp-json\/wp\/v2\/pages"}],"about":[{"href":"https:\/\/www.tnpglobal.ro\/ro\/wp-json\/wp\/v2\/types\/page"}],"author":[{"embeddable":true,"href":"https:\/\/www.tnpglobal.ro\/ro\/wp-json\/wp\/v2\/users\/1"}],"replies":[{"embeddable":true,"href":"https:\/\/www.tnpglobal.ro\/ro\/wp-json\/wp\/v2\/comments?post=2821"}],"version-history":[{"count":0,"href":"https:\/\/www.tnpglobal.ro\/ro\/wp-json\/wp\/v2\/pages\/2821\/revisions"}],"wp:attachment":[{"href":"https:\/\/www.tnpglobal.ro\/ro\/wp-json\/wp\/v2\/media?parent=2821"}],"curies":[{"name":"wp","href":"https:\/\/api.w.org\/{rel}","templated":true}]}}