{"id":2829,"date":"2024-11-05T13:51:17","date_gmt":"2024-11-05T13:51:17","guid":{"rendered":"https:\/\/www.tnpglobal.ro\/?page_id=2829"},"modified":"2025-01-09T15:00:26","modified_gmt":"2025-01-09T15:00:26","slug":"grounded-in-wisdom","status":"publish","type":"page","link":"https:\/\/www.tnpglobal.ro\/ro\/grounded-in-wisdom\/","title":{"rendered":"\u00cenr\u0103d\u0103cina\u021bi \u00een \u00een\u021belepciune"},"content":{"rendered":"<div data-elementor-type=\"wp-page\" data-elementor-id=\"2829\" class=\"elementor elementor-2829\" data-elementor-post-type=\"page\">\n\t\t\t\t\t\t<section class=\"elementor-section elementor-top-section elementor-element elementor-element-7e9e049 elementor-section-boxed elementor-section-height-default elementor-section-height-default\" data-id=\"7e9e049\" data-element_type=\"section\" data-e-type=\"section\" data-settings=\"{&quot;wdt_bg_image&quot;:{&quot;url&quot;:&quot;&quot;,&quot;id&quot;:&quot;&quot;,&quot;size&quot;:&quot;&quot;},&quot;wdt_bg_image_laptop&quot;:{&quot;url&quot;:&quot;&quot;,&quot;id&quot;:&quot;&quot;,&quot;size&quot;:&quot;&quot;},&quot;wdt_bg_image_tablet_extra&quot;:{&quot;url&quot;:&quot;&quot;,&quot;id&quot;:&quot;&quot;,&quot;size&quot;:&quot;&quot;},&quot;wdt_bg_image_tablet&quot;:{&quot;url&quot;:&quot;&quot;,&quot;id&quot;:&quot;&quot;,&quot;size&quot;:&quot;&quot;},&quot;wdt_bg_image_mobile_extra&quot;:{&quot;url&quot;:&quot;&quot;,&quot;id&quot;:&quot;&quot;,&quot;size&quot;:&quot;&quot;},&quot;wdt_bg_image_mobile&quot;:{&quot;url&quot;:&quot;&quot;,&quot;id&quot;:&quot;&quot;,&quot;size&quot;:&quot;&quot;},&quot;wdt_bg_position&quot;:&quot;center center&quot;,&quot;wdt_animation_effect&quot;:&quot;none&quot;}\">\n\t\t\t\t\t\t<div class=\"elementor-container elementor-column-gap-no\">\n\t\t\t\t\t<div class=\"elementor-column elementor-col-100 elementor-top-column elementor-element elementor-element-45d1443\" data-id=\"45d1443\" data-element_type=\"column\" data-e-type=\"column\">\n\t\t\t<div class=\"elementor-widget-wrap elementor-element-populated\">\n\t\t\t\t\t\t<section class=\"elementor-section elementor-inner-section elementor-element elementor-element-2be2c22 elementor-section-boxed elementor-section-height-default elementor-section-height-default elementor-invisible\" data-id=\"2be2c22\" data-element_type=\"section\" data-e-type=\"section\" data-settings=\"{&quot;animation&quot;:&quot;fadeInDown&quot;,&quot;wdt_bg_image&quot;:{&quot;url&quot;:&quot;&quot;,&quot;id&quot;:&quot;&quot;,&quot;size&quot;:&quot;&quot;},&quot;wdt_bg_image_laptop&quot;:{&quot;url&quot;:&quot;&quot;,&quot;id&quot;:&quot;&quot;,&quot;size&quot;:&quot;&quot;},&quot;wdt_bg_image_tablet_extra&quot;:{&quot;url&quot;:&quot;&quot;,&quot;id&quot;:&quot;&quot;,&quot;size&quot;:&quot;&quot;},&quot;wdt_bg_image_tablet&quot;:{&quot;url&quot;:&quot;&quot;,&quot;id&quot;:&quot;&quot;,&quot;size&quot;:&quot;&quot;},&quot;wdt_bg_image_mobile_extra&quot;:{&quot;url&quot;:&quot;&quot;,&quot;id&quot;:&quot;&quot;,&quot;size&quot;:&quot;&quot;},&quot;wdt_bg_image_mobile&quot;:{&quot;url&quot;:&quot;&quot;,&quot;id&quot;:&quot;&quot;,&quot;size&quot;:&quot;&quot;},&quot;wdt_bg_position&quot;:&quot;center center&quot;,&quot;wdt_animation_effect&quot;:&quot;none&quot;}\">\n\t\t\t\t\t\t<div class=\"elementor-container elementor-column-gap-default\">\n\t\t\t\t\t<div class=\"elementor-column elementor-col-50 elementor-inner-column elementor-element elementor-element-ca81e94\" data-id=\"ca81e94\" data-element_type=\"column\" data-e-type=\"column\">\n\t\t\t<div class=\"elementor-widget-wrap elementor-element-populated\">\n\t\t\t\t\t\t<div class=\"elementor-element elementor-element-58e59b7 elementor-widget__width-initial center elementor-invisible elementor-widget elementor-widget-wdt-heading\" data-id=\"58e59b7\" data-element_type=\"widget\" data-e-type=\"widget\" data-settings=\"{&quot;split_heading&quot;:&quot;true&quot;,&quot;wdt_enable_inview_status&quot;:&quot;true&quot;,&quot;_animation&quot;:&quot;fadeInLeft&quot;,&quot;wdt_animation_effect&quot;:&quot;none&quot;}\" data-widget_type=\"wdt-heading.default\">\n\t\t\t\t<div class=\"elementor-widget-container\">\n\t\t\t\t\t<div class=\"wdt-heading-holder\" id=\"wdt-heading-58e59b7\"><h2 class=\"wdt-heading-title-wrapper wdt-heading-align-center wdt-heading-deco-wrapper translation-block\"><span class=\"wdt-heading-title\">Reglement\u0103rile <span class=\"wdt-split-heading-wrapper\"><span class=\"wdt-split-heading-title\">I<\/span><span class=\"wdt-split-heading-title\">n<\/span><span class=\"wdt-split-heading-title\">d<\/span><span class=\"wdt-split-heading-title\">u<\/span><span class=\"wdt-split-heading-title\">s<\/span><span class=\"wdt-split-heading-title\">t<\/span><span class=\"wdt-split-heading-title\">r<\/span><span class=\"wdt-split-heading-title\">i<\/span><span class=\"wdt-split-heading-title\">e<\/span><span class=\"wdt-split-heading-title\">i<\/span><\/span><\/span><\/h2><div class=\"wdt-heading-content-wrapper\">Adev\u0103rata \u00een\u021belepciune vine din experien\u021b\u0103, reflec\u021bie \u0219i abilitatea de a vedea dincolo de eviden\u021be. \u00cen tot ceea ce facem, aducem o profunzime a \u00een\u021belegerii care ne permite s\u0103 oferim mai mult dec\u00e2t expertiz\u0103 tehnic\u0103 \u2013 oferim o perspectiv\u0103. \u00centr-o lume aflat\u0103 \u00eentr-o schimbare continu\u0103, \u00een\u021belepciunea este busola care ne men\u021bine ancora\u021bi \u0219i ne asigur\u0103 c\u0103 fiecare decizie este luat\u0103 cu scop. Cuno\u0219tin\u021bele noastre din industria evalu\u0103rii, combinate cu abordarea noastr\u0103 filosofic\u0103, sunt ceea ce ne face diferi\u021bi.<\/div><\/div>\t\t\t\t<\/div>\n\t\t\t\t<\/div>\n\t\t\t\t\t<\/div>\n\t\t<\/div>\n\t\t\t\t<div class=\"elementor-column elementor-col-50 elementor-inner-column elementor-element elementor-element-0000622\" data-id=\"0000622\" data-element_type=\"column\" data-e-type=\"column\">\n\t\t\t<div class=\"elementor-widget-wrap elementor-element-populated\">\n\t\t\t\t<div class=\"elementor-element elementor-element-2313014 e-flex e-con-boxed e-con e-parent\" data-id=\"2313014\" data-element_type=\"container\" data-e-type=\"container\">\n\t\t\t\t\t<div class=\"e-con-inner\">\n\t\t\t\t<div class=\"elementor-element elementor-element-3505b37 elementor-widget elementor-widget-image\" data-id=\"3505b37\" data-element_type=\"widget\" data-e-type=\"widget\" data-settings=\"{&quot;wdt_animation_effect&quot;:&quot;none&quot;}\" data-widget_type=\"image.default\">\n\t\t\t\t<div class=\"elementor-widget-container\">\n\t\t\t\t\t\t\t\t\t\t\t\t\t\t\t<img decoding=\"async\" src=\"https:\/\/www.tnpglobal.ro\/wp-content\/uploads\/elementor\/thumbs\/logo-qzrauwc0ofdnrpjlxkpdesxced0w3r80ix5oarxips.png\" title=\"logo\" alt=\"logo\" loading=\"lazy\" \/>\t\t\t\t\t\t\t\t\t\t\t\t\t\t\t<\/div>\n\t\t\t\t<\/div>\n\t\t\t\t<div class=\"elementor-element elementor-element-f8cab5d elementor-widget elementor-widget-text-editor\" data-id=\"f8cab5d\" data-element_type=\"widget\" data-e-type=\"widget\" data-settings=\"{&quot;wdt_animation_effect&quot;:&quot;none&quot;}\" data-widget_type=\"text-editor.default\">\n\t\t\t\t<div class=\"elementor-widget-container\">\n\t\t\t\t\t\t\t\t\t<p>National Association of Authorized Appraisers in Romania<\/p>\t\t\t\t\t\t\t\t<\/div>\n\t\t\t\t<\/div>\n\t\t\t\t<div class=\"elementor-element elementor-element-a72ea28 elementor-widget elementor-widget-text-editor\" data-id=\"a72ea28\" data-element_type=\"widget\" data-e-type=\"widget\" data-settings=\"{&quot;wdt_animation_effect&quot;:&quot;none&quot;}\" data-widget_type=\"text-editor.default\">\n\t\t\t\t<div class=\"elementor-widget-container\">\n\t\t\t\t\t\t\t\t\t<p><a href=\"https:\/\/www.anevar.ro\/\" target=\"_blank\" rel=\"noopener\">Vezi website<\/a><\/p>\t\t\t\t\t\t\t\t<\/div>\n\t\t\t\t<\/div>\n\t\t\t\t\t<\/div>\n\t\t\t\t<\/div>\n\t\t<div class=\"elementor-element elementor-element-efa1957 e-flex e-con-boxed e-con e-parent\" data-id=\"efa1957\" data-element_type=\"container\" data-e-type=\"container\">\n\t\t\t\t\t<div class=\"e-con-inner\">\n\t\t\t\t<div class=\"elementor-element elementor-element-32c3bdb elementor-widget elementor-widget-image\" data-id=\"32c3bdb\" data-element_type=\"widget\" data-e-type=\"widget\" data-settings=\"{&quot;wdt_animation_effect&quot;:&quot;none&quot;}\" data-widget_type=\"image.default\">\n\t\t\t\t<div class=\"elementor-widget-container\">\n\t\t\t\t\t\t\t\t\t\t\t\t\t\t\t<img decoding=\"async\" src=\"https:\/\/www.tnpglobal.ro\/wp-content\/uploads\/elementor\/thumbs\/ivsc-logo-qzrb4othvas6phblrb2gvtz75urja93cvdsr9jevwg.png\" title=\"ivsc logo\" alt=\"ivsc logo\" loading=\"lazy\" \/>\t\t\t\t\t\t\t\t\t\t\t\t\t\t\t<\/div>\n\t\t\t\t<\/div>\n\t\t\t\t<div class=\"elementor-element elementor-element-f5c4ea5 elementor-widget elementor-widget-text-editor\" data-id=\"f5c4ea5\" data-element_type=\"widget\" data-e-type=\"widget\" data-settings=\"{&quot;wdt_animation_effect&quot;:&quot;none&quot;}\" data-widget_type=\"text-editor.default\">\n\t\t\t\t<div class=\"elementor-widget-container\">\n\t\t\t\t\t\t\t\t\t<p>The Independent Global Standard Setter For Valuation<\/p>\t\t\t\t\t\t\t\t<\/div>\n\t\t\t\t<\/div>\n\t\t\t\t<div class=\"elementor-element elementor-element-ffa60a7 elementor-widget elementor-widget-text-editor\" data-id=\"ffa60a7\" data-element_type=\"widget\" data-e-type=\"widget\" data-settings=\"{&quot;wdt_animation_effect&quot;:&quot;none&quot;}\" data-widget_type=\"text-editor.default\">\n\t\t\t\t<div class=\"elementor-widget-container\">\n\t\t\t\t\t\t\t\t\t<p><a href=\"https:\/\/www.ivsc.org\/\" target=\"_blank\" rel=\"noopener\">Vezi website<\/a><\/p>\t\t\t\t\t\t\t\t<\/div>\n\t\t\t\t<\/div>\n\t\t\t\t\t<\/div>\n\t\t\t\t<\/div>\n\t\t<div class=\"elementor-element elementor-element-a764406 e-flex e-con-boxed e-con e-parent\" data-id=\"a764406\" data-element_type=\"container\" data-e-type=\"container\">\n\t\t\t\t\t<div class=\"e-con-inner\">\n\t\t\t\t<div class=\"elementor-element elementor-element-f9c9d78 elementor-widget elementor-widget-image\" data-id=\"f9c9d78\" data-element_type=\"widget\" data-e-type=\"widget\" data-settings=\"{&quot;wdt_animation_effect&quot;:&quot;none&quot;}\" data-widget_type=\"image.default\">\n\t\t\t\t<div class=\"elementor-widget-container\">\n\t\t\t\t\t\t\t\t\t\t\t\t\t\t\t<img decoding=\"async\" src=\"https:\/\/www.tnpglobal.ro\/wp-content\/uploads\/elementor\/thumbs\/logo-4a4f45e8e2fcfd1d44b8ffffdadc9b10-qzrb84w6xfi1a0bdmsp80yo1kprziarxcfwum2ax34.png\" title=\"logo-4a4f45e8e2fcfd1d44b8ffffdadc9b10\" alt=\"logo-4a4f45e8e2fcfd1d44b8ffffdadc9b10\" loading=\"lazy\" \/>\t\t\t\t\t\t\t\t\t\t\t\t\t\t\t<\/div>\n\t\t\t\t<\/div>\n\t\t\t\t<div class=\"elementor-element elementor-element-9be33f8 elementor-widget elementor-widget-text-editor\" data-id=\"9be33f8\" data-element_type=\"widget\" data-e-type=\"widget\" data-settings=\"{&quot;wdt_animation_effect&quot;:&quot;none&quot;}\" data-widget_type=\"text-editor.default\">\n\t\t\t\t<div class=\"elementor-widget-container\">\n\t\t\t\t\t\t\t\t\t<p>The European Group of Valuers&#8217; Associations<\/p>\t\t\t\t\t\t\t\t<\/div>\n\t\t\t\t<\/div>\n\t\t\t\t<div class=\"elementor-element elementor-element-cc08e15 elementor-widget elementor-widget-text-editor\" data-id=\"cc08e15\" data-element_type=\"widget\" data-e-type=\"widget\" data-settings=\"{&quot;wdt_animation_effect&quot;:&quot;none&quot;}\" data-widget_type=\"text-editor.default\">\n\t\t\t\t<div class=\"elementor-widget-container\">\n\t\t\t\t\t\t\t\t\t<p><a href=\"https:\/\/tegova.org\/\" target=\"_blank\" rel=\"noopener\">Vezi website<\/a><\/p>\t\t\t\t\t\t\t\t<\/div>\n\t\t\t\t<\/div>\n\t\t\t\t\t<\/div>\n\t\t\t\t<\/div>\n\t\t<div class=\"elementor-element elementor-element-487197e e-flex e-con-boxed e-con e-parent\" data-id=\"487197e\" data-element_type=\"container\" data-e-type=\"container\">\n\t\t\t\t\t<div class=\"e-con-inner\">\n\t\t\t\t<div class=\"elementor-element elementor-element-740a378 elementor-widget elementor-widget-image\" data-id=\"740a378\" data-element_type=\"widget\" data-e-type=\"widget\" data-settings=\"{&quot;wdt_animation_effect&quot;:&quot;none&quot;}\" data-widget_type=\"image.default\">\n\t\t\t\t<div class=\"elementor-widget-container\">\n\t\t\t\t\t\t\t\t\t\t\t\t\t\t\t<img decoding=\"async\" src=\"https:\/\/www.tnpglobal.ro\/wp-content\/uploads\/elementor\/thumbs\/Rics-Logo-qzrb9c4rnt5842kkmbe27nr8wfuvcdjkudx6osit4w.png\" title=\"Rics-Logo\" alt=\"Rics-Logo\" loading=\"lazy\" \/>\t\t\t\t\t\t\t\t\t\t\t\t\t\t\t<\/div>\n\t\t\t\t<\/div>\n\t\t\t\t<div class=\"elementor-element elementor-element-52f880d elementor-widget elementor-widget-text-editor\" data-id=\"52f880d\" data-element_type=\"widget\" data-e-type=\"widget\" data-settings=\"{&quot;wdt_animation_effect&quot;:&quot;none&quot;}\" data-widget_type=\"text-editor.default\">\n\t\t\t\t<div class=\"elementor-widget-container\">\n\t\t\t\t\t\t\t\t\t<p>Royal Institution of Chartered Surveyors<\/p>\t\t\t\t\t\t\t\t<\/div>\n\t\t\t\t<\/div>\n\t\t\t\t<div class=\"elementor-element elementor-element-59d6f4f elementor-widget elementor-widget-text-editor\" data-id=\"59d6f4f\" data-element_type=\"widget\" data-e-type=\"widget\" data-settings=\"{&quot;wdt_animation_effect&quot;:&quot;none&quot;}\" data-widget_type=\"text-editor.default\">\n\t\t\t\t<div class=\"elementor-widget-container\">\n\t\t\t\t\t\t\t\t\t<p><a href=\"https:\/\/www.rics.org\/\" target=\"_blank\" rel=\"noopener\">Vezi website<\/a><\/p>\t\t\t\t\t\t\t\t<\/div>\n\t\t\t\t<\/div>\n\t\t\t\t\t<\/div>\n\t\t\t\t<\/div>\n\t\t\t\t\t<\/div>\n\t\t<\/div>\n\t\t\t\t\t<\/div>\n\t\t<\/section>\n\t\t\t\t\t<\/div>\n\t\t<\/div>\n\t\t\t\t\t<\/div>\n\t\t<\/section>\n\t\t\t\t<\/div>","protected":false},"excerpt":{"rendered":"<p>industry regulation True wisdom comes from experience, reflection, and the ability to see beyond the obvious. In everything we do, we bring a depth of understanding that allows us to offer more than just technical expertise\u2014we provide perspective. In a world of constant change, wisdom is the compass that keeps us grounded and ensures that [&hellip;]<\/p>\n","protected":false},"author":1,"featured_media":0,"parent":0,"menu_order":0,"comment_status":"closed","ping_status":"closed","template":"elementor_header_footer","meta":{"footnotes":""},"class_list":["post-2829","page","type-page","status-publish","hentry"],"yoast_head":"<!-- This site is optimized with the Yoast SEO plugin v27.4 - https:\/\/yoast.com\/product\/yoast-seo-wordpress\/ -->\n<title>Grounded in Wisdom - TNP Global<\/title>\n<meta name=\"robots\" content=\"index, follow, max-snippet:-1, max-image-preview:large, max-video-preview:-1\" \/>\n<link rel=\"canonical\" href=\"https:\/\/www.tnpglobal.ro\/ro\/grounded-in-wisdom\/\" \/>\n<meta property=\"og:locale\" content=\"ro_RO\" \/>\n<meta property=\"og:type\" content=\"article\" \/>\n<meta property=\"og:title\" content=\"Grounded in Wisdom - TNP Global\" \/>\n<meta property=\"og:description\" content=\"industry regulation True wisdom comes from experience, reflection, and the ability to see beyond the obvious. In everything we do, we bring a depth of understanding that allows us to offer more than just technical expertise\u2014we provide perspective. In a world of constant change, wisdom is the compass that keeps us grounded and ensures that [&hellip;]\" \/>\n<meta property=\"og:url\" content=\"https:\/\/www.tnpglobal.ro\/ro\/grounded-in-wisdom\/\" \/>\n<meta property=\"og:site_name\" content=\"TNP Global\" \/>\n<meta property=\"article:modified_time\" content=\"2025-01-09T15:00:26+00:00\" \/>\n<meta property=\"og:image\" content=\"https:\/\/www.tnpglobal.ro\/wp-content\/uploads\/elementor\/thumbs\/logo-qzrauwc0ofdnrpjlxkpdesxced0w3r80ix5oarxips.png\" \/>\n<meta name=\"twitter:card\" content=\"summary_large_image\" \/>\n<meta name=\"twitter:label1\" content=\"Timp estimat pentru citire\" \/>\n\t<meta name=\"twitter:data1\" content=\"2 minute\" \/>\n<script type=\"application\/ld+json\" class=\"yoast-schema-graph\">{\"@context\":\"https:\\\/\\\/schema.org\",\"@graph\":[{\"@type\":\"WebPage\",\"@id\":\"https:\\\/\\\/www.tnpglobal.ro\\\/grounded-in-wisdom\\\/\",\"url\":\"https:\\\/\\\/www.tnpglobal.ro\\\/grounded-in-wisdom\\\/\",\"name\":\"Grounded in Wisdom - TNP Global\",\"isPartOf\":{\"@id\":\"https:\\\/\\\/www.tnpglobal.ro\\\/#website\"},\"primaryImageOfPage\":{\"@id\":\"https:\\\/\\\/www.tnpglobal.ro\\\/grounded-in-wisdom\\\/#primaryimage\"},\"image\":{\"@id\":\"https:\\\/\\\/www.tnpglobal.ro\\\/grounded-in-wisdom\\\/#primaryimage\"},\"thumbnailUrl\":\"https:\\\/\\\/www.tnpglobal.ro\\\/wp-content\\\/uploads\\\/elementor\\\/thumbs\\\/logo-qzrauwc0ofdnrpjlxkpdesxced0w3r80ix5oarxips.png\",\"datePublished\":\"2024-11-05T13:51:17+00:00\",\"dateModified\":\"2025-01-09T15:00:26+00:00\",\"breadcrumb\":{\"@id\":\"https:\\\/\\\/www.tnpglobal.ro\\\/grounded-in-wisdom\\\/#breadcrumb\"},\"inLanguage\":\"ro-RO\",\"potentialAction\":[{\"@type\":\"ReadAction\",\"target\":[\"https:\\\/\\\/www.tnpglobal.ro\\\/grounded-in-wisdom\\\/\"]}]},{\"@type\":\"ImageObject\",\"inLanguage\":\"ro-RO\",\"@id\":\"https:\\\/\\\/www.tnpglobal.ro\\\/grounded-in-wisdom\\\/#primaryimage\",\"url\":\"https:\\\/\\\/www.tnpglobal.ro\\\/wp-content\\\/uploads\\\/elementor\\\/thumbs\\\/logo-qzrauwc0ofdnrpjlxkpdesxced0w3r80ix5oarxips.png\",\"contentUrl\":\"https:\\\/\\\/www.tnpglobal.ro\\\/wp-content\\\/uploads\\\/elementor\\\/thumbs\\\/logo-qzrauwc0ofdnrpjlxkpdesxced0w3r80ix5oarxips.png\"},{\"@type\":\"BreadcrumbList\",\"@id\":\"https:\\\/\\\/www.tnpglobal.ro\\\/grounded-in-wisdom\\\/#breadcrumb\",\"itemListElement\":[{\"@type\":\"ListItem\",\"position\":1,\"name\":\"Home\",\"item\":\"https:\\\/\\\/www.tnpglobal.ro\\\/\"},{\"@type\":\"ListItem\",\"position\":2,\"name\":\"Grounded in Wisdom\"}]},{\"@type\":\"WebSite\",\"@id\":\"https:\\\/\\\/www.tnpglobal.ro\\\/#website\",\"url\":\"https:\\\/\\\/www.tnpglobal.ro\\\/\",\"name\":\"TNP Global\",\"description\":\"&amp; Partners\",\"publisher\":{\"@id\":\"https:\\\/\\\/www.tnpglobal.ro\\\/#organization\"},\"potentialAction\":[{\"@type\":\"SearchAction\",\"target\":{\"@type\":\"EntryPoint\",\"urlTemplate\":\"https:\\\/\\\/www.tnpglobal.ro\\\/?s={search_term_string}\"},\"query-input\":{\"@type\":\"PropertyValueSpecification\",\"valueRequired\":true,\"valueName\":\"search_term_string\"}}],\"inLanguage\":\"ro-RO\"},{\"@type\":\"Organization\",\"@id\":\"https:\\\/\\\/www.tnpglobal.ro\\\/#organization\",\"name\":\"TNP Global\",\"url\":\"https:\\\/\\\/www.tnpglobal.ro\\\/\",\"logo\":{\"@type\":\"ImageObject\",\"inLanguage\":\"ro-RO\",\"@id\":\"https:\\\/\\\/www.tnpglobal.ro\\\/#\\\/schema\\\/logo\\\/image\\\/\",\"url\":\"https:\\\/\\\/www.tnpglobal.ro\\\/wp-content\\\/uploads\\\/2024\\\/11\\\/logo_tnp_icon.png\",\"contentUrl\":\"https:\\\/\\\/www.tnpglobal.ro\\\/wp-content\\\/uploads\\\/2024\\\/11\\\/logo_tnp_icon.png\",\"width\":450,\"height\":333,\"caption\":\"TNP Global\"},\"image\":{\"@id\":\"https:\\\/\\\/www.tnpglobal.ro\\\/#\\\/schema\\\/logo\\\/image\\\/\"}}]}<\/script>\n<!-- \/ Yoast SEO plugin. -->","yoast_head_json":{"title":"Grounded in Wisdom - TNP Global","robots":{"index":"index","follow":"follow","max-snippet":"max-snippet:-1","max-image-preview":"max-image-preview:large","max-video-preview":"max-video-preview:-1"},"canonical":"https:\/\/www.tnpglobal.ro\/ro\/grounded-in-wisdom\/","og_locale":"ro_RO","og_type":"article","og_title":"Grounded in Wisdom - TNP Global","og_description":"industry regulation True wisdom comes from experience, reflection, and the ability to see beyond the obvious. In everything we do, we bring a depth of understanding that allows us to offer more than just technical expertise\u2014we provide perspective. In a world of constant change, wisdom is the compass that keeps us grounded and ensures that [&hellip;]","og_url":"https:\/\/www.tnpglobal.ro\/ro\/grounded-in-wisdom\/","og_site_name":"TNP Global","article_modified_time":"2025-01-09T15:00:26+00:00","og_image":[{"url":"https:\/\/www.tnpglobal.ro\/wp-content\/uploads\/elementor\/thumbs\/logo-qzrauwc0ofdnrpjlxkpdesxced0w3r80ix5oarxips.png","type":"","width":"","height":""}],"twitter_card":"summary_large_image","twitter_misc":{"Timp estimat pentru citire":"2 minute"},"schema":{"@context":"https:\/\/schema.org","@graph":[{"@type":"WebPage","@id":"https:\/\/www.tnpglobal.ro\/grounded-in-wisdom\/","url":"https:\/\/www.tnpglobal.ro\/grounded-in-wisdom\/","name":"Grounded in Wisdom - TNP Global","isPartOf":{"@id":"https:\/\/www.tnpglobal.ro\/#website"},"primaryImageOfPage":{"@id":"https:\/\/www.tnpglobal.ro\/grounded-in-wisdom\/#primaryimage"},"image":{"@id":"https:\/\/www.tnpglobal.ro\/grounded-in-wisdom\/#primaryimage"},"thumbnailUrl":"https:\/\/www.tnpglobal.ro\/wp-content\/uploads\/elementor\/thumbs\/logo-qzrauwc0ofdnrpjlxkpdesxced0w3r80ix5oarxips.png","datePublished":"2024-11-05T13:51:17+00:00","dateModified":"2025-01-09T15:00:26+00:00","breadcrumb":{"@id":"https:\/\/www.tnpglobal.ro\/grounded-in-wisdom\/#breadcrumb"},"inLanguage":"ro-RO","potentialAction":[{"@type":"ReadAction","target":["https:\/\/www.tnpglobal.ro\/grounded-in-wisdom\/"]}]},{"@type":"ImageObject","inLanguage":"ro-RO","@id":"https:\/\/www.tnpglobal.ro\/grounded-in-wisdom\/#primaryimage","url":"https:\/\/www.tnpglobal.ro\/wp-content\/uploads\/elementor\/thumbs\/logo-qzrauwc0ofdnrpjlxkpdesxced0w3r80ix5oarxips.png","contentUrl":"https:\/\/www.tnpglobal.ro\/wp-content\/uploads\/elementor\/thumbs\/logo-qzrauwc0ofdnrpjlxkpdesxced0w3r80ix5oarxips.png"},{"@type":"BreadcrumbList","@id":"https:\/\/www.tnpglobal.ro\/grounded-in-wisdom\/#breadcrumb","itemListElement":[{"@type":"ListItem","position":1,"name":"Home","item":"https:\/\/www.tnpglobal.ro\/"},{"@type":"ListItem","position":2,"name":"Grounded in Wisdom"}]},{"@type":"WebSite","@id":"https:\/\/www.tnpglobal.ro\/#website","url":"https:\/\/www.tnpglobal.ro\/","name":"TNP Global","description":"&amp; Partners","publisher":{"@id":"https:\/\/www.tnpglobal.ro\/#organization"},"potentialAction":[{"@type":"SearchAction","target":{"@type":"EntryPoint","urlTemplate":"https:\/\/www.tnpglobal.ro\/?s={search_term_string}"},"query-input":{"@type":"PropertyValueSpecification","valueRequired":true,"valueName":"search_term_string"}}],"inLanguage":"ro-RO"},{"@type":"Organization","@id":"https:\/\/www.tnpglobal.ro\/#organization","name":"TNP Global","url":"https:\/\/www.tnpglobal.ro\/","logo":{"@type":"ImageObject","inLanguage":"ro-RO","@id":"https:\/\/www.tnpglobal.ro\/#\/schema\/logo\/image\/","url":"https:\/\/www.tnpglobal.ro\/wp-content\/uploads\/2024\/11\/logo_tnp_icon.png","contentUrl":"https:\/\/www.tnpglobal.ro\/wp-content\/uploads\/2024\/11\/logo_tnp_icon.png","width":450,"height":333,"caption":"TNP Global"},"image":{"@id":"https:\/\/www.tnpglobal.ro\/#\/schema\/logo\/image\/"}}]}},"_links":{"self":[{"href":"https:\/\/www.tnpglobal.ro\/ro\/wp-json\/wp\/v2\/pages\/2829","targetHints":{"allow":["GET"]}}],"collection":[{"href":"https:\/\/www.tnpglobal.ro\/ro\/wp-json\/wp\/v2\/pages"}],"about":[{"href":"https:\/\/www.tnpglobal.ro\/ro\/wp-json\/wp\/v2\/types\/page"}],"author":[{"embeddable":true,"href":"https:\/\/www.tnpglobal.ro\/ro\/wp-json\/wp\/v2\/users\/1"}],"replies":[{"embeddable":true,"href":"https:\/\/www.tnpglobal.ro\/ro\/wp-json\/wp\/v2\/comments?post=2829"}],"version-history":[{"count":0,"href":"https:\/\/www.tnpglobal.ro\/ro\/wp-json\/wp\/v2\/pages\/2829\/revisions"}],"wp:attachment":[{"href":"https:\/\/www.tnpglobal.ro\/ro\/wp-json\/wp\/v2\/media?parent=2829"}],"curies":[{"name":"wp","href":"https:\/\/api.w.org\/{rel}","templated":true}]}}