{"id":4386,"date":"2025-01-28T14:21:59","date_gmt":"2025-01-28T14:21:59","guid":{"rendered":"https:\/\/www.tnpglobal.ro\/?page_id=4386"},"modified":"2025-01-28T14:22:00","modified_gmt":"2025-01-28T14:22:00","slug":"cookie-policy","status":"publish","type":"page","link":"https:\/\/www.tnpglobal.ro\/ro\/cookie-policy\/","title":{"rendered":"Politica Cookie"},"content":{"rendered":"<p><strong>Ce sunt cookie-urile?<\/strong><\/p>\n\n\n\n<p>Un cookie este un fi\u0219ier text de mici dimensiuni care este salvat pe computerul sau dispozitivul dvs. mobil atunci c\u00e2nd vizita\u021bi un site. Datorit\u0103 modulelor cookie, site-ul re\u021bine, pe o perioad\u0103 de timp, ac\u021biunile \u0219i preferin\u021bele dvs. (de exemplu, autentificarea, limba, dimensiunea fontului \u0219i alte preferin\u021be de afi\u0219are). \u00cen acest fel, nu trebuie s\u0103 le introduce\u021bi din nou de fiecare dat\u0103 c\u00e2nd reveni\u021bi pe site sau naviga\u021bi de la o pagin\u0103 la alta.<\/p>\n\n\n\n<p><strong>Ce module cookie folosim?<\/strong><\/p>\n\n\n\n<p>Utiliz\u0103m dou\u0103 tipuri de module cookie: pe sesiune \u0219i fixe. Primele sunt fi\u0219iere temporare care r\u0103m\u00e2n \u00een terminalul utilizatorului p\u00e2n\u0103 la sf\u00e2r\u0219itul sesiunii sau \u00eenchiderea aplica\u021biei (browserului web). Fi\u0219ierele fixe r\u0103m\u00e2n \u00een terminalul utilizatorului pentru o anumit\u0103 perioad\u0103 \u00een set\u0103rile Cookie sau p\u00e2n\u0103 c\u00e2nd sunt \u0219terse manual de c\u0103tre utilizator.<\/p>\n\n\n\n<p><strong>Cum sunt utilizate cookie-urile de c\u0103tre acest site?<\/strong><\/p>\n\n\n\n<p>O vizit\u0103 pe acest site poate plasa urm\u0103toarele module cookie:<\/p>\n\n\n\n<ul class=\"wp-block-list\">\n<li>Module cookie de performan\u021b\u0103 a site-ului<\/li>\n\n\n\n<li>Cookie-uri de analiz\u0103 a vizitatorilor<\/li>\n\n\n\n<li>Cookie-uri de geotargetare<\/li>\n\n\n\n<li>Cookie-uri de \u00eenregistrare<\/li>\n\n\n\n<li>Cookie-uri publicitare<\/li>\n\n\n\n<li>Cookie-uri ale furnizorilor de publicitate<\/li>\n<\/ul>\n\n\n\n<p><strong>\u0218tergerea cookie-urilor<\/strong><\/p>\n\n\n\n<p>Pute\u021bi controla \u0219i \/ sau \u0219terge modulele cookie dup\u0103 cum dori\u021bi - pentru detalii, vizita\u021bi aboutcookies.org. Pute\u021bi \u0219terge toate modulele cookie de pe computerul dvs. \u0219i pute\u021bi seta majoritatea browserelor pentru a bloca plasarea acestora. Dac\u0103 face\u021bi acest lucru, este posibil s\u0103 fie necesar s\u0103 seta\u021bi manual unele preferin\u021be de fiecare dat\u0103 c\u00e2nd vizita\u021bi site-ul. De asemenea, este posibil ca unele servicii sau op\u021biuni s\u0103 nu func\u021bioneze.<\/p>\n\n\n\n<p><strong>De ce sunt cookie-urile importante pentru internet?<\/strong><\/p>\n\n\n\n<p>Modulele cookie sunt punctul central al func\u021bion\u0103rii eficiente a internetului, contribuind la generarea unei experien\u021be de navigare prietenoase, adaptat\u0103 preferin\u021belor \u0219i intereselor fiec\u0103rui utilizator. Refuzarea sau dezactivarea cookie-urilor poate face imposibil\u0103 utilizarea anumitor site-uri.<\/p>\n\n\n\n<p>Refuzarea sau dezactivarea modulelor cookie nu \u00eenseamn\u0103 c\u0103 nu ve\u021bi mai fi expus la publicitatea online - ci doar c\u0103 aceasta nu va mai putea lua \u00een considerare preferin\u021bele \u0219i interesele dumneavoastr\u0103, care sunt eviden\u021biate de comportamentul dumneavoastr\u0103 de navigare.<\/p>\n\n\n\n<p><strong>Linkuri utile<\/strong><\/p>\n\n\n\n<p>Pute\u021bi face set\u0103rile necesare \u00een browserul dvs. pentru a opri acceptarea acestor module cookie sau pute\u021bi seta browserul s\u0103 accepte module cookie de la un anumit site.<\/p>\n\n\n\n<p>Toate browserele moderne ofer\u0103 posibilitatea de a modifica set\u0103rile cookie-urilor. Aceste set\u0103ri se g\u0103sesc de obicei \u00een meniul \u201eop\u021biuni\u201d sau \u201epreferin\u021be\u201d al browserului.<\/p>\n\n\n\n<p>Pentru a \u00een\u021belege aceste set\u0103ri, urm\u0103toarele linkuri pot fi utile; \u00een caz contrar, pute\u021bi utiliza op\u021biunea \u201eajutor\u201d a browserului pentru mai multe detalii.<\/p>\n\n\n\n<p><strong><a href=\"https:\/\/support.microsoft.com\/en-us\/help\/4027947\/microsoft-edge-delete-cookies\">Set\u0103ri cookie \u00een Edge<\/a><\/strong><\/p>\n\n\n\n<p><strong><a href=\"https:\/\/support.mozilla.org\/en-US\/kb\/cookies-information-websites-store-on-your-computer?redirectlocale=en-US&amp;redirectslug=Cookies\">Set\u0103ri cookie \u00een Firefox<\/a><\/strong><\/p>\n\n\n\n<p><strong><a href=\"https:\/\/support.google.com\/chrome\/answer\/95647?hl=en\">Set\u0103ri cookie \u00een Chrome<\/a><\/strong><\/p>\n\n\n\n<p><strong><a href=\"http:\/\/support.apple.com\/kb\/PH5042\">Set\u0103ri cookie \u00een Safari<\/a><\/strong><\/p>\n\n\n\n<p class=\"translation-block\">Pentru set\u0103ri cookie ter\u021b\u0103 parte, consulta\u021bi \u0219i <strong><a href=\"http:\/\/www.youronlinechoices.com\/ro\/\" target=\"_blank\" rel=\"noreferrer noopener\"> aici<\/a><\/strong>\u00a0.<\/p>","protected":false},"excerpt":{"rendered":"<p>What are cookies? A cookie is a small text file that is saved on your computer or mobile device when you visit a site. Thanks to cookies, the site retains, over a period of time, your actions and preferences (eg login, language, font size, and other display preferences). This way, you don\u2019t have to re-enter [&hellip;]<\/p>\n","protected":false},"author":1,"featured_media":0,"parent":0,"menu_order":0,"comment_status":"closed","ping_status":"closed","template":"","meta":{"footnotes":""},"class_list":["post-4386","page","type-page","status-publish","hentry"],"yoast_head":"<!-- This site is optimized with the Yoast SEO plugin v27.4 - https:\/\/yoast.com\/product\/yoast-seo-wordpress\/ -->\n<title>Cookie policy - TNP Global<\/title>\n<meta name=\"robots\" content=\"index, follow, max-snippet:-1, max-image-preview:large, max-video-preview:-1\" \/>\n<link rel=\"canonical\" href=\"https:\/\/www.tnpglobal.ro\/ro\/cookie-policy\/\" \/>\n<meta property=\"og:locale\" content=\"ro_RO\" \/>\n<meta property=\"og:type\" content=\"article\" \/>\n<meta property=\"og:title\" content=\"Cookie policy - TNP Global\" \/>\n<meta property=\"og:description\" content=\"What are cookies? A cookie is a small text file that is saved on your computer or mobile device when you visit a site. Thanks to cookies, the site retains, over a period of time, your actions and preferences (eg login, language, font size, and other display preferences). This way, you don\u2019t have to re-enter [&hellip;]\" \/>\n<meta property=\"og:url\" content=\"https:\/\/www.tnpglobal.ro\/ro\/cookie-policy\/\" \/>\n<meta property=\"og:site_name\" content=\"TNP Global\" \/>\n<meta property=\"article:modified_time\" content=\"2025-01-28T14:22:00+00:00\" \/>\n<meta name=\"twitter:card\" content=\"summary_large_image\" \/>\n<meta name=\"twitter:label1\" content=\"Timp estimat pentru citire\" \/>\n\t<meta name=\"twitter:data1\" content=\"2 minute\" \/>\n<script type=\"application\/ld+json\" class=\"yoast-schema-graph\">{\"@context\":\"https:\\\/\\\/schema.org\",\"@graph\":[{\"@type\":\"WebPage\",\"@id\":\"https:\\\/\\\/www.tnpglobal.ro\\\/cookie-policy\\\/\",\"url\":\"https:\\\/\\\/www.tnpglobal.ro\\\/cookie-policy\\\/\",\"name\":\"Cookie policy - TNP Global\",\"isPartOf\":{\"@id\":\"https:\\\/\\\/www.tnpglobal.ro\\\/#website\"},\"datePublished\":\"2025-01-28T14:21:59+00:00\",\"dateModified\":\"2025-01-28T14:22:00+00:00\",\"breadcrumb\":{\"@id\":\"https:\\\/\\\/www.tnpglobal.ro\\\/cookie-policy\\\/#breadcrumb\"},\"inLanguage\":\"ro-RO\",\"potentialAction\":[{\"@type\":\"ReadAction\",\"target\":[\"https:\\\/\\\/www.tnpglobal.ro\\\/cookie-policy\\\/\"]}]},{\"@type\":\"BreadcrumbList\",\"@id\":\"https:\\\/\\\/www.tnpglobal.ro\\\/cookie-policy\\\/#breadcrumb\",\"itemListElement\":[{\"@type\":\"ListItem\",\"position\":1,\"name\":\"Home\",\"item\":\"https:\\\/\\\/www.tnpglobal.ro\\\/\"},{\"@type\":\"ListItem\",\"position\":2,\"name\":\"Cookie policy\"}]},{\"@type\":\"WebSite\",\"@id\":\"https:\\\/\\\/www.tnpglobal.ro\\\/#website\",\"url\":\"https:\\\/\\\/www.tnpglobal.ro\\\/\",\"name\":\"TNP Global\",\"description\":\"&amp; Partners\",\"publisher\":{\"@id\":\"https:\\\/\\\/www.tnpglobal.ro\\\/#organization\"},\"potentialAction\":[{\"@type\":\"SearchAction\",\"target\":{\"@type\":\"EntryPoint\",\"urlTemplate\":\"https:\\\/\\\/www.tnpglobal.ro\\\/?s={search_term_string}\"},\"query-input\":{\"@type\":\"PropertyValueSpecification\",\"valueRequired\":true,\"valueName\":\"search_term_string\"}}],\"inLanguage\":\"ro-RO\"},{\"@type\":\"Organization\",\"@id\":\"https:\\\/\\\/www.tnpglobal.ro\\\/#organization\",\"name\":\"TNP Global\",\"url\":\"https:\\\/\\\/www.tnpglobal.ro\\\/\",\"logo\":{\"@type\":\"ImageObject\",\"inLanguage\":\"ro-RO\",\"@id\":\"https:\\\/\\\/www.tnpglobal.ro\\\/#\\\/schema\\\/logo\\\/image\\\/\",\"url\":\"https:\\\/\\\/www.tnpglobal.ro\\\/wp-content\\\/uploads\\\/2024\\\/11\\\/logo_tnp_icon.png\",\"contentUrl\":\"https:\\\/\\\/www.tnpglobal.ro\\\/wp-content\\\/uploads\\\/2024\\\/11\\\/logo_tnp_icon.png\",\"width\":450,\"height\":333,\"caption\":\"TNP Global\"},\"image\":{\"@id\":\"https:\\\/\\\/www.tnpglobal.ro\\\/#\\\/schema\\\/logo\\\/image\\\/\"}}]}<\/script>\n<!-- \/ Yoast SEO plugin. -->","yoast_head_json":{"title":"Cookie policy - TNP Global","robots":{"index":"index","follow":"follow","max-snippet":"max-snippet:-1","max-image-preview":"max-image-preview:large","max-video-preview":"max-video-preview:-1"},"canonical":"https:\/\/www.tnpglobal.ro\/ro\/cookie-policy\/","og_locale":"ro_RO","og_type":"article","og_title":"Cookie policy - TNP Global","og_description":"What are cookies? A cookie is a small text file that is saved on your computer or mobile device when you visit a site. Thanks to cookies, the site retains, over a period of time, your actions and preferences (eg login, language, font size, and other display preferences). This way, you don\u2019t have to re-enter [&hellip;]","og_url":"https:\/\/www.tnpglobal.ro\/ro\/cookie-policy\/","og_site_name":"TNP Global","article_modified_time":"2025-01-28T14:22:00+00:00","twitter_card":"summary_large_image","twitter_misc":{"Timp estimat pentru citire":"2 minute"},"schema":{"@context":"https:\/\/schema.org","@graph":[{"@type":"WebPage","@id":"https:\/\/www.tnpglobal.ro\/cookie-policy\/","url":"https:\/\/www.tnpglobal.ro\/cookie-policy\/","name":"Cookie policy - TNP Global","isPartOf":{"@id":"https:\/\/www.tnpglobal.ro\/#website"},"datePublished":"2025-01-28T14:21:59+00:00","dateModified":"2025-01-28T14:22:00+00:00","breadcrumb":{"@id":"https:\/\/www.tnpglobal.ro\/cookie-policy\/#breadcrumb"},"inLanguage":"ro-RO","potentialAction":[{"@type":"ReadAction","target":["https:\/\/www.tnpglobal.ro\/cookie-policy\/"]}]},{"@type":"BreadcrumbList","@id":"https:\/\/www.tnpglobal.ro\/cookie-policy\/#breadcrumb","itemListElement":[{"@type":"ListItem","position":1,"name":"Home","item":"https:\/\/www.tnpglobal.ro\/"},{"@type":"ListItem","position":2,"name":"Cookie policy"}]},{"@type":"WebSite","@id":"https:\/\/www.tnpglobal.ro\/#website","url":"https:\/\/www.tnpglobal.ro\/","name":"TNP Global","description":"&amp; Partners","publisher":{"@id":"https:\/\/www.tnpglobal.ro\/#organization"},"potentialAction":[{"@type":"SearchAction","target":{"@type":"EntryPoint","urlTemplate":"https:\/\/www.tnpglobal.ro\/?s={search_term_string}"},"query-input":{"@type":"PropertyValueSpecification","valueRequired":true,"valueName":"search_term_string"}}],"inLanguage":"ro-RO"},{"@type":"Organization","@id":"https:\/\/www.tnpglobal.ro\/#organization","name":"TNP Global","url":"https:\/\/www.tnpglobal.ro\/","logo":{"@type":"ImageObject","inLanguage":"ro-RO","@id":"https:\/\/www.tnpglobal.ro\/#\/schema\/logo\/image\/","url":"https:\/\/www.tnpglobal.ro\/wp-content\/uploads\/2024\/11\/logo_tnp_icon.png","contentUrl":"https:\/\/www.tnpglobal.ro\/wp-content\/uploads\/2024\/11\/logo_tnp_icon.png","width":450,"height":333,"caption":"TNP Global"},"image":{"@id":"https:\/\/www.tnpglobal.ro\/#\/schema\/logo\/image\/"}}]}},"_links":{"self":[{"href":"https:\/\/www.tnpglobal.ro\/ro\/wp-json\/wp\/v2\/pages\/4386","targetHints":{"allow":["GET"]}}],"collection":[{"href":"https:\/\/www.tnpglobal.ro\/ro\/wp-json\/wp\/v2\/pages"}],"about":[{"href":"https:\/\/www.tnpglobal.ro\/ro\/wp-json\/wp\/v2\/types\/page"}],"author":[{"embeddable":true,"href":"https:\/\/www.tnpglobal.ro\/ro\/wp-json\/wp\/v2\/users\/1"}],"replies":[{"embeddable":true,"href":"https:\/\/www.tnpglobal.ro\/ro\/wp-json\/wp\/v2\/comments?post=4386"}],"version-history":[{"count":0,"href":"https:\/\/www.tnpglobal.ro\/ro\/wp-json\/wp\/v2\/pages\/4386\/revisions"}],"wp:attachment":[{"href":"https:\/\/www.tnpglobal.ro\/ro\/wp-json\/wp\/v2\/media?parent=4386"}],"curies":[{"name":"wp","href":"https:\/\/api.w.org\/{rel}","templated":true}]}}